{"id":165,"date":"2024-12-13T11:07:06","date_gmt":"2024-12-13T10:07:06","guid":{"rendered":"https:\/\/matelec38.fr\/wp\/?page_id=165"},"modified":"2025-01-30T15:06:48","modified_gmt":"2025-01-30T14:06:48","slug":"nos-activites","status":"publish","type":"page","link":"https:\/\/matelec38.fr\/wp\/nos-activites\/","title":{"rendered":"Nos activit\u00e9s"},"content":{"rendered":"\n<div style=\"height:50px\" aria-hidden=\"true\" class=\"wp-block-spacer\"><\/div>\n\n\n\n<div class=\"wp-block-group is-vertical is-content-justification-center is-layout-flex wp-container-core-group-is-layout-ce155fab wp-block-group-is-layout-flex\">\n<h4 class=\"wp-block-heading has-ast-global-color-0-color has-text-color has-link-color wp-elements-3ff65ae749cc1f1e347304ba53d9579b\">Notre mission<\/h4>\n\n\n\n<p class=\"has-text-align-center\"><strong>Conseiller et fournir les professionnels <\/strong>en mat\u00e9riel \u00e9lectrique, sanitaire et chauffage pour tous leurs<strong> projets de construction, r\u00e9novation et am\u00e9nagement.<\/strong> Chez Mat Elec, nous nous engageons \u00e0 accompagner nos clients \u00e0 chaque \u00e9tape de leurs projets, en leur offrant des <strong>solutions adapt\u00e9es et des conseils d&#8217;experts.<\/strong> Que ce soit pour des installations neuves, des r\u00e9novations ou des am\u00e9nagements, nous mettons \u00e0 disposition une gamme compl\u00e8te de produits de haute qualit\u00e9, r\u00e9pondant aux normes les plus strictes.<\/p>\n\n\n\n<h4 class=\"wp-block-heading has-ast-global-color-0-color has-text-color has-link-color wp-elements-b8b3ed38fb48ba708bf3a8c2e824948e\">Notre ind\u00e9pendance, notre force<\/h4>\n\n\n\n<p class=\"has-text-align-center\">En tant que PME ind\u00e9pendante, <strong>nous avons la libert\u00e9 de s\u00e9lectionner nos fournisseurs en fonction de la qualit\u00e9 de leurs mat\u00e9riels.<\/strong> Cette ind\u00e9pendance nous permet d&#8217;<strong>offrir le meilleur rapport qualit\u00e9\/prix <\/strong>et une compr\u00e9hension claire des co\u00fbts. Notre succ\u00e8s repose sur des <strong>relations durables et de confiance avec nos clients et partenaires.<\/strong> En choisissant Mat Elec, vous b\u00e9n\u00e9ficiez d&#8217;un service personnalis\u00e9 et d&#8217;une expertise reconnue, garantissant la r\u00e9ussite de vos projets.<\/p>\n\n\n\n<h4 class=\"wp-block-heading has-ast-global-color-0-color has-text-color has-link-color wp-elements-f519842c76db3efb62a52e3c8ead353a\">70 000 r\u00e9f\u00e9rences en stock<\/h4>\n\n\n\n<p class=\"has-text-align-center\">Avec plus de<strong> 10 000 m\u00b2 de stock r\u00e9partis sur nos cinq agences<\/strong> (Albertville, Voiron, Beaurepaire, Cessieu, Seyssins), nous garantissons une large disponibilit\u00e9 de mat\u00e9riel. Notre site internet permet de consulter les prix, la disponibilit\u00e9 des articles et de passer commande facilement.<strong> Un local \u00e0 code est \u00e9galement disponible pour r\u00e9cup\u00e9rer la marchandise en dehors des horaires d\u2019ouverture, <\/strong>offrant ainsi une flexibilit\u00e9 maximale \u00e0 nos clients professionnels. En optimisant notre logistique et en utilisant des technologies avanc\u00e9es, nous assurons une <strong>gestion efficace des stocks et une livraison rapide,<\/strong> r\u00e9pondant ainsi aux besoins urgents de nos clients.<\/p>\n<\/div>\n\n\n\n<div style=\"height:50px\" aria-hidden=\"true\" class=\"wp-block-spacer\"><\/div>\n","protected":false},"excerpt":{"rendered":"<p>Notre mission Conseiller et fournir les professionnels en mat\u00e9riel \u00e9lectrique, sanitaire et chauffage pour tous leurs projets de construction, r\u00e9novation [&hellip;]<\/p>\n","protected":false},"author":1,"featured_media":0,"parent":0,"menu_order":11,"comment_status":"closed","ping_status":"closed","template":"","meta":{"site-sidebar-layout":"default","site-content-layout":"","ast-site-content-layout":"","site-content-style":"default","site-sidebar-style":"default","ast-global-header-display":"","ast-banner-title-visibility":"","ast-main-header-display":"","ast-hfb-above-header-display":"","ast-hfb-below-header-display":"","ast-hfb-mobile-header-display":"","site-post-title":"disabled","ast-breadcrumbs-content":"","ast-featured-img":"","footer-sml-layout":"","theme-transparent-header-meta":"","adv-header-id-meta":"","stick-header-meta":"","header-above-stick-meta":"","header-main-stick-meta":"","header-below-stick-meta":"","astra-migrate-meta-layouts":"default","ast-page-background-enabled":"default","ast-page-background-meta":{"desktop":{"background-color":"var(--ast-global-color-4)","background-image":"","background-repeat":"repeat","background-position":"center center","background-size":"auto","background-attachment":"scroll","background-type":"","background-media":"","overlay-type":"","overlay-color":"","overlay-opacity":"","overlay-gradient":""},"tablet":{"background-color":"","background-image":"","background-repeat":"repeat","background-position":"center center","background-size":"auto","background-attachment":"scroll","background-type":"","background-media":"","overlay-type":"","overlay-color":"","overlay-opacity":"","overlay-gradient":""},"mobile":{"background-color":"","background-image":"","background-repeat":"repeat","background-position":"center center","background-size":"auto","background-attachment":"scroll","background-type":"","background-media":"","overlay-type":"","overlay-color":"","overlay-opacity":"","overlay-gradient":""}},"ast-content-background-meta":{"desktop":{"background-color":"var(--ast-global-color-5)","background-image":"","background-repeat":"repeat","background-position":"center center","background-size":"auto","background-attachment":"scroll","background-type":"","background-media":"","overlay-type":"","overlay-color":"","overlay-opacity":"","overlay-gradient":""},"tablet":{"background-color":"var(--ast-global-color-5)","background-image":"","background-repeat":"repeat","background-position":"center center","background-size":"auto","background-attachment":"scroll","background-type":"","background-media":"","overlay-type":"","overlay-color":"","overlay-opacity":"","overlay-gradient":""},"mobile":{"background-color":"var(--ast-global-color-5)","background-image":"","background-repeat":"repeat","background-position":"center center","background-size":"auto","background-attachment":"scroll","background-type":"","background-media":"","overlay-type":"","overlay-color":"","overlay-opacity":"","overlay-gradient":""}},"footnotes":""},"class_list":["post-165","page","type-page","status-publish","hentry"],"_links":{"self":[{"href":"https:\/\/matelec38.fr\/wp\/wp-json\/wp\/v2\/pages\/165","targetHints":{"allow":["GET"]}}],"collection":[{"href":"https:\/\/matelec38.fr\/wp\/wp-json\/wp\/v2\/pages"}],"about":[{"href":"https:\/\/matelec38.fr\/wp\/wp-json\/wp\/v2\/types\/page"}],"author":[{"embeddable":true,"href":"https:\/\/matelec38.fr\/wp\/wp-json\/wp\/v2\/users\/1"}],"replies":[{"embeddable":true,"href":"https:\/\/matelec38.fr\/wp\/wp-json\/wp\/v2\/comments?post=165"}],"version-history":[{"count":9,"href":"https:\/\/matelec38.fr\/wp\/wp-json\/wp\/v2\/pages\/165\/revisions"}],"predecessor-version":[{"id":1125,"href":"https:\/\/matelec38.fr\/wp\/wp-json\/wp\/v2\/pages\/165\/revisions\/1125"}],"wp:attachment":[{"href":"https:\/\/matelec38.fr\/wp\/wp-json\/wp\/v2\/media?parent=165"}],"curies":[{"name":"wp","href":"https:\/\/api.w.org\/{rel}","templated":true}]}}