{"id":163,"date":"2024-12-13T11:06:54","date_gmt":"2024-12-13T10:06:54","guid":{"rendered":"https:\/\/matelec38.fr\/wp\/?page_id=163"},"modified":"2025-01-30T15:06:10","modified_gmt":"2025-01-30T14:06:10","slug":"notre-histoire","status":"publish","type":"page","link":"https:\/\/matelec38.fr\/wp\/notre-histoire\/","title":{"rendered":"Notre histoire"},"content":{"rendered":"\n<div style=\"height:50px\" aria-hidden=\"true\" class=\"wp-block-spacer\"><\/div>\n\n\n\n<div class=\"wp-block-group is-vertical is-content-justification-center is-layout-flex wp-container-core-group-is-layout-ce155fab wp-block-group-is-layout-flex\">\n<h4 class=\"wp-block-heading has-ast-global-color-0-color has-text-color has-link-color wp-elements-65363663adb65d0654ee4511919823bb\">Histoire de Mat Elec<\/h4>\n\n\n\n<p class=\"has-text-align-center\">Mat Elec, fond\u00e9e en 1991, est une <strong>entreprise familiale profond\u00e9ment ancr\u00e9e dans ses valeurs de proximit\u00e9, de qualit\u00e9 et de service.<\/strong> La premi\u00e8re agence a ouvert \u00e0 Voiron, suivie de pr\u00e8s par une seconde \u00e0 \u00c9chirolles en 1995. Le succ\u00e8s de ces deux agences a permis l\u2019acquisition d\u2019une entreprise \u00e0 Beaurepaire en 2006, puis l\u2019ouverture d\u2019une quatri\u00e8me agence \u00e0 La Tour-du-Pin en 2008. <br><br>En 2020, <strong>Alison et Yoann Reynaud-Paligot ont repris les r\u00eanes de l\u2019entreprise,<\/strong> apportant une nouvelle dynamique tout en pr\u00e9servant les valeurs familiales. <br><br>Aujourd\u2019hui, Mat Elec emploie environ <strong>40 salari\u00e9s<\/strong> et continue de recruter activement.<\/p>\n\n\n\n<p><\/p>\n<\/div>\n\n\n\n<div style=\"height:50px\" aria-hidden=\"true\" class=\"wp-block-spacer\"><\/div>\n\n\n\n<p><\/p>\n","protected":false},"excerpt":{"rendered":"<p>Histoire de Mat Elec Mat Elec, fond\u00e9e en 1991, est une entreprise familiale profond\u00e9ment ancr\u00e9e dans ses valeurs de proximit\u00e9, [&hellip;]<\/p>\n","protected":false},"author":1,"featured_media":0,"parent":0,"menu_order":10,"comment_status":"closed","ping_status":"closed","template":"","meta":{"site-sidebar-layout":"default","site-content-layout":"","ast-site-content-layout":"","site-content-style":"default","site-sidebar-style":"default","ast-global-header-display":"","ast-banner-title-visibility":"","ast-main-header-display":"","ast-hfb-above-header-display":"","ast-hfb-below-header-display":"","ast-hfb-mobile-header-display":"","site-post-title":"disabled","ast-breadcrumbs-content":"","ast-featured-img":"","footer-sml-layout":"","theme-transparent-header-meta":"","adv-header-id-meta":"","stick-header-meta":"","header-above-stick-meta":"","header-main-stick-meta":"","header-below-stick-meta":"","astra-migrate-meta-layouts":"default","ast-page-background-enabled":"default","ast-page-background-meta":{"desktop":{"background-color":"var(--ast-global-color-4)","background-image":"","background-repeat":"repeat","background-position":"center center","background-size":"auto","background-attachment":"scroll","background-type":"","background-media":"","overlay-type":"","overlay-color":"","overlay-opacity":"","overlay-gradient":""},"tablet":{"background-color":"","background-image":"","background-repeat":"repeat","background-position":"center center","background-size":"auto","background-attachment":"scroll","background-type":"","background-media":"","overlay-type":"","overlay-color":"","overlay-opacity":"","overlay-gradient":""},"mobile":{"background-color":"","background-image":"","background-repeat":"repeat","background-position":"center center","background-size":"auto","background-attachment":"scroll","background-type":"","background-media":"","overlay-type":"","overlay-color":"","overlay-opacity":"","overlay-gradient":""}},"ast-content-background-meta":{"desktop":{"background-color":"var(--ast-global-color-5)","background-image":"","background-repeat":"repeat","background-position":"center center","background-size":"auto","background-attachment":"scroll","background-type":"","background-media":"","overlay-type":"","overlay-color":"","overlay-opacity":"","overlay-gradient":""},"tablet":{"background-color":"var(--ast-global-color-5)","background-image":"","background-repeat":"repeat","background-position":"center center","background-size":"auto","background-attachment":"scroll","background-type":"","background-media":"","overlay-type":"","overlay-color":"","overlay-opacity":"","overlay-gradient":""},"mobile":{"background-color":"var(--ast-global-color-5)","background-image":"","background-repeat":"repeat","background-position":"center center","background-size":"auto","background-attachment":"scroll","background-type":"","background-media":"","overlay-type":"","overlay-color":"","overlay-opacity":"","overlay-gradient":""}},"footnotes":""},"class_list":["post-163","page","type-page","status-publish","hentry"],"_links":{"self":[{"href":"https:\/\/matelec38.fr\/wp\/wp-json\/wp\/v2\/pages\/163","targetHints":{"allow":["GET"]}}],"collection":[{"href":"https:\/\/matelec38.fr\/wp\/wp-json\/wp\/v2\/pages"}],"about":[{"href":"https:\/\/matelec38.fr\/wp\/wp-json\/wp\/v2\/types\/page"}],"author":[{"embeddable":true,"href":"https:\/\/matelec38.fr\/wp\/wp-json\/wp\/v2\/users\/1"}],"replies":[{"embeddable":true,"href":"https:\/\/matelec38.fr\/wp\/wp-json\/wp\/v2\/comments?post=163"}],"version-history":[{"count":24,"href":"https:\/\/matelec38.fr\/wp\/wp-json\/wp\/v2\/pages\/163\/revisions"}],"predecessor-version":[{"id":1327,"href":"https:\/\/matelec38.fr\/wp\/wp-json\/wp\/v2\/pages\/163\/revisions\/1327"}],"wp:attachment":[{"href":"https:\/\/matelec38.fr\/wp\/wp-json\/wp\/v2\/media?parent=163"}],"curies":[{"name":"wp","href":"https:\/\/api.w.org\/{rel}","templated":true}]}}